{"id":3127,"date":"2021-06-03T20:38:55","date_gmt":"2021-06-03T20:38:55","guid":{"rendered":"https:\/\/grupoprofarma.com.br\/profarma-distribution\/"},"modified":"2023-07-18T19:49:20","modified_gmt":"2023-07-18T19:49:20","slug":"profarma-distribution","status":"publish","type":"page","link":"https:\/\/grupoprofarma.com.br\/en\/profarma-distribution\/","title":{"rendered":"Profarma Distribution"},"content":{"rendered":"<p>[et_pb_section fb_built=&#8221;1&#8243; custom_padding_last_edited=&#8221;on|phone&#8221; _builder_version=&#8221;4.16&#8243; _module_preset=&#8221;default&#8221; background_enable_color=&#8221;off&#8221; use_background_color_gradient=&#8221;on&#8221; background_color_gradient_type=&#8221;circular&#8221; background_color_gradient_direction_radial=&#8221;top left&#8221; background_color_gradient_stops=&#8221;#e9f5ea 34%|#5fa704 100%&#8221; background_color_gradient_start=&#8221;#e9f5ea&#8221; background_color_gradient_start_position=&#8221;34%&#8221; background_color_gradient_end=&#8221;#5fa704&#8243; background_image=&#8221;http:\/\/grupoprofarma.com.br\/wp-content\/uploads\/2021\/05\/bg-nossos-negocios-profarma-2.png&#8221; background_size=&#8221;contain&#8221; background_position=&#8221;center_right&#8221; min_height=&#8221;74vh&#8221; min_height_tablet=&#8221;&#8221; min_height_phone=&#8221;&#8221; min_height_last_edited=&#8221;on|phone&#8221; custom_margin=&#8221;|7vh|7vh|7vh|false|false&#8221; custom_margin_tablet=&#8221;|3vh|3vh|3vh|false|true&#8221; custom_margin_phone=&#8221;|3vh|3vh|3vh|false|true&#8221; custom_margin_last_edited=&#8221;on|tablet&#8221; custom_padding_tablet=&#8221;50px||50px||true|false&#8221; custom_padding_phone=&#8221;25px||23vh||false|false&#8221; background_last_edited=&#8221;on|phone&#8221; background_image_tablet=&#8221;http:\/\/grupoprofarma.com.br\/wp-content\/uploads\/2021\/05\/bg-profarma-distribuicao-tablet.png&#8221; background_image_phone=&#8221;http:\/\/grupoprofarma.com.br\/wp-content\/uploads\/2021\/05\/bg-profarma-distribuicao-mob-1.png&#8221; background_enable_image_tablet=&#8221;on&#8221; background_enable_image_phone=&#8221;on&#8221; background_position_tablet=&#8221;bottom_center&#8221; module_alignment_last_edited=&#8221;off|phone&#8221; custom_css_main_element=&#8221;display: flex;||align-items: center;&#8221; global_colors_info=&#8221;{}&#8221;][et_pb_row column_structure=&#8221;1_2,1_2&#8243; make_equal=&#8221;on&#8221; _builder_version=&#8221;4.16&#8243; _module_preset=&#8221;default&#8221; width_tablet=&#8221;&#8221; width_phone=&#8221;90%&#8221; width_last_edited=&#8221;on|phone&#8221; custom_padding=&#8221;0px||0px||true|false&#8221; global_colors_info=&#8221;{}&#8221;][et_pb_column type=&#8221;1_2&#8243; _builder_version=&#8221;4.16&#8243; _module_preset=&#8221;default&#8221; custom_css_main_element=&#8221;display: flex;||flex-wrap: wrap;||align-items: center;&#8221; global_colors_info=&#8221;{}&#8221;][et_pb_image src=&#8221;http:\/\/grupoprofarma.com.br\/wp-content\/uploads\/2021\/05\/logo-profarma-distribuicao-100black.png&#8221; title_text=&#8221;logo-profarma-distribuicao-100black&#8221; _builder_version=&#8221;4.16&#8243; _module_preset=&#8221;default&#8221; max_width=&#8221;180px&#8221; max_width_tablet=&#8221;180px&#8221; max_width_phone=&#8221;160px&#8221; max_width_last_edited=&#8221;on|phone&#8221; global_colors_info=&#8221;{}&#8221;][\/et_pb_image][et_pb_text _builder_version=&#8221;4.18.0&#8243; _module_preset=&#8221;default&#8221; text_font=&#8221;Signika|300|||||||&#8221; text_font_size=&#8221;19px&#8221; header_font=&#8221;|700||on|||||&#8221; header_text_color=&#8221;#FFFFFF&#8221; header_font_size=&#8221;44px&#8221; header_line_height=&#8221;1.2em&#8221; header_2_font=&#8221;Varela Round|700|||||||&#8221; header_2_text_color=&#8221;#000000&#8243; header_2_font_size=&#8221;36px&#8221; header_2_line_height=&#8221;1.2em&#8221; header_3_font=&#8221;|700|||||||&#8221; header_3_text_color=&#8221;#FFFFFF&#8221; header_3_font_size=&#8221;30px&#8221; header_3_line_height=&#8221;1.2em&#8221; header_4_font=&#8221;Signika|700|||||||&#8221; header_4_text_color=&#8221;#000000&#8243; header_4_font_size=&#8221;22px&#8221; header_4_line_height=&#8221;1.2em&#8221; header_5_font=&#8221;|700|||||||&#8221; header_5_text_color=&#8221;#FFFFFF&#8221; header_5_font_size=&#8221;19px&#8221; header_5_line_height=&#8221;1.2em&#8221; width=&#8221;100%&#8221; header_font_size_tablet=&#8221;38px&#8221; header_font_size_phone=&#8221;30px&#8221; header_font_size_last_edited=&#8221;on|phone&#8221; global_colors_info=&#8221;{}&#8221;]<\/p>\n<p>H\u00e1 mais de 60 anos, a Profarma Distribui\u00e7\u00e3o \u00e9 refer\u00eancia na entrega de produtos farmac\u00eauticos, de higiene e beleza e na presta\u00e7\u00e3o de servi\u00e7os que fazem a diferen\u00e7a no dia a dia de seus parceiros comerciais. Conta com 3.600 colaboradores em 14 centros de distribui\u00e7\u00e3o no pa\u00eds.<\/p>\n<p>Entregar o que importa \u00e9 mais que uma promessa, \u00e9 nossa responsabilidade.<\/p>\n<p>[\/et_pb_text][et_pb_button button_url=&#8221;https:\/\/profarma.com.br\/en&#8221; url_new_window=&#8221;on&#8221; button_text=&#8221;Visit the website&#8221; _builder_version=&#8221;4.16&#8243; _module_preset=&#8221;default&#8221; custom_button=&#8221;on&#8221; button_text_size=&#8221;16px&#8221; button_text_color=&#8221;#FFFFFF&#8221; button_bg_color=&#8221;#025544&#8243; button_border_width=&#8221;0px&#8221; button_border_radius=&#8221;100px&#8221; button_font=&#8221;Varela Round|700|||||||&#8221; button_use_icon=&#8221;off&#8221; locked=&#8221;off&#8221; global_colors_info=&#8221;{}&#8221; button_bg_color__hover_enabled=&#8221;on|hover&#8221; button_bg_color_gradient_start__hover=&#8221;#522e90&#8243; button_bg_use_color_gradient__hover=&#8221;off&#8221; button_bg_color_gradient_end__hover=&#8221;#00a9ac&#8221; button_bg_color__hover=&#8221;#000000&#8243; button_bg_enable_color__hover=&#8221;on&#8221; button_bg_color_gradient_stops__hover=&#8221;#522e90 0%|#00a9ac 100%&#8221;][\/et_pb_button][\/et_pb_column][et_pb_column type=&#8221;1_2&#8243; _builder_version=&#8221;4.16&#8243; _module_preset=&#8221;default&#8221; custom_css_main_element=&#8221;display: flex;||align-items: center;&#8221; global_colors_info=&#8221;{}&#8221;][\/et_pb_column][\/et_pb_row][\/et_pb_section]<\/p>\n","protected":false},"excerpt":{"rendered":"<p>H\u00e1 mais de 60 anos, a Profarma Distribui\u00e7\u00e3o \u00e9 refer\u00eancia na entrega de produtos farmac\u00eauticos, de higiene e beleza e na presta\u00e7\u00e3o de servi\u00e7os que fazem a diferen\u00e7a no dia a dia de seus parceiros comerciais. Conta com 3.600 colaboradores em 14 centros de distribui\u00e7\u00e3o no pa\u00eds. Entregar o que importa \u00e9 mais que uma [&hellip;]<\/p>\n","protected":false},"author":5,"featured_media":0,"parent":0,"menu_order":0,"comment_status":"closed","ping_status":"closed","template":"","meta":{"_et_pb_use_builder":"on","_et_pb_old_content":"","_et_gb_content_width":"","footnotes":""},"class_list":["post-3127","page","type-page","status-publish","hentry"],"_links":{"self":[{"href":"https:\/\/grupoprofarma.com.br\/en\/wp-json\/wp\/v2\/pages\/3127","targetHints":{"allow":["GET"]}}],"collection":[{"href":"https:\/\/grupoprofarma.com.br\/en\/wp-json\/wp\/v2\/pages"}],"about":[{"href":"https:\/\/grupoprofarma.com.br\/en\/wp-json\/wp\/v2\/types\/page"}],"author":[{"embeddable":true,"href":"https:\/\/grupoprofarma.com.br\/en\/wp-json\/wp\/v2\/users\/5"}],"replies":[{"embeddable":true,"href":"https:\/\/grupoprofarma.com.br\/en\/wp-json\/wp\/v2\/comments?post=3127"}],"version-history":[{"count":8,"href":"https:\/\/grupoprofarma.com.br\/en\/wp-json\/wp\/v2\/pages\/3127\/revisions"}],"predecessor-version":[{"id":4778,"href":"https:\/\/grupoprofarma.com.br\/en\/wp-json\/wp\/v2\/pages\/3127\/revisions\/4778"}],"wp:attachment":[{"href":"https:\/\/grupoprofarma.com.br\/en\/wp-json\/wp\/v2\/media?parent=3127"}],"curies":[{"name":"wp","href":"https:\/\/api.w.org\/{rel}","templated":true}]}}