{"id":3157,"date":"2021-06-03T21:09:29","date_gmt":"2021-06-03T21:09:29","guid":{"rendered":"https:\/\/grupoprofarma.com.br\/brand-guide\/"},"modified":"2023-07-18T19:49:24","modified_gmt":"2023-07-18T19:49:24","slug":"brand-guide","status":"publish","type":"page","link":"https:\/\/grupoprofarma.com.br\/en\/brand-guide\/","title":{"rendered":"Brand Guide"},"content":{"rendered":"<p>[et_pb_section fb_built=&#8221;1&#8243; custom_padding_last_edited=&#8221;on|phone&#8221; _builder_version=&#8221;4.16&#8243; _module_preset=&#8221;default&#8221; background_color=&#8221;#F0F0F0&#8243; background_enable_image=&#8221;off&#8221; parallax=&#8221;on&#8221; parallax_method=&#8221;off&#8221; min_height=&#8221;54vh&#8221; min_height_tablet=&#8221;34vh&#8221; min_height_phone=&#8221;30vh&#8221; min_height_last_edited=&#8221;on|phone&#8221; custom_margin=&#8221;|7vh||7vh|false|true&#8221; custom_margin_tablet=&#8221;|3vh||3vh|false|true&#8221; custom_margin_phone=&#8221;|3vh||3vh|false|true&#8221; custom_margin_last_edited=&#8221;on|desktop&#8221; custom_padding=&#8221;2vh||2vh||true|false&#8221; custom_padding_tablet=&#8221;2vh|2vh|2vh|2vh|true|true&#8221; custom_padding_phone=&#8221;2vh|0vh|2vh|0vh|false|true&#8221; custom_css_main_element=&#8221;display: flex;||align-items: center;&#8221; locked=&#8221;off&#8221; global_colors_info=&#8221;{}&#8221;][et_pb_row column_structure=&#8221;1_3,1_3,1_3&#8243; make_equal=&#8221;on&#8221; _builder_version=&#8221;4.16&#8243; _module_preset=&#8221;default&#8221; width_tablet=&#8221;100%&#8221; width_phone=&#8221;90%&#8221; width_last_edited=&#8221;on|tablet&#8221; custom_margin_tablet=&#8221;0px||0px||true|false&#8221; custom_margin_phone=&#8221;&#8221; custom_margin_last_edited=&#8221;on|tablet&#8221; custom_padding=&#8221;0px||0px||true|false&#8221; global_colors_info=&#8221;{}&#8221;][et_pb_column type=&#8221;1_3&#8243; _builder_version=&#8221;4.16&#8243; _module_preset=&#8221;default&#8221; custom_css_main_element=&#8221;display: flex;||align-items: center;&#8221; global_colors_info=&#8221;{}&#8221;][et_pb_text _builder_version=&#8221;4.16&#8243; _module_preset=&#8221;default&#8221; header_font=&#8221;Varela Round|700|||||||&#8221; header_text_color=&#8221;#522E90&#8243; header_font_size=&#8221;44px&#8221; header_line_height=&#8221;1.2em&#8221; header_2_font=&#8221;|700|||||||&#8221; header_2_text_color=&#8221;#FFFFFF&#8221; header_2_font_size=&#8221;36px&#8221; header_2_line_height=&#8221;1.2em&#8221; header_3_font=&#8221;|700|||||||&#8221; header_3_text_color=&#8221;#FFFFFF&#8221; header_3_font_size=&#8221;30px&#8221; header_3_line_height=&#8221;1.2em&#8221; header_4_font=&#8221;Varela Round|700|||||||&#8221; header_4_text_color=&#8221;#3A1669&#8243; header_4_font_size=&#8221;22px&#8221; header_4_line_height=&#8221;1.2em&#8221; header_5_font=&#8221;|700|||||||&#8221; header_5_text_color=&#8221;#FFFFFF&#8221; header_5_font_size=&#8221;19px&#8221; header_5_line_height=&#8221;1.2em&#8221; custom_margin_phone=&#8221;3vh||||false|false&#8221; custom_margin_last_edited=&#8221;off|tablet&#8221; animation_style=&#8221;slide&#8221; animation_direction=&#8221;right&#8221; header_font_size_tablet=&#8221;38px&#8221; header_font_size_phone=&#8221;30px&#8221; header_font_size_last_edited=&#8221;on|phone&#8221; global_colors_info=&#8221;{}&#8221;]<\/p>\n<h1>BRAND GUIDE<\/h1>\n<h4>GROUP&#8217;s brand resource center.<\/h4>\n<p>[\/et_pb_text][\/et_pb_column][et_pb_column type=&#8221;1_3&#8243; _builder_version=&#8221;4.16&#8243; _module_preset=&#8221;default&#8221; global_colors_info=&#8221;{}&#8221;][et_pb_text _builder_version=&#8221;4.16&#8243; _module_preset=&#8221;default&#8221; text_font=&#8221;Varela Round||||||||&#8221; text_font_size=&#8221;16px&#8221; text_line_height=&#8221;1.4em&#8221; custom_margin_tablet=&#8221;&#8221; custom_margin_phone=&#8221;-20px||||false|false&#8221; custom_margin_last_edited=&#8221;on|phone&#8221; animation_style=&#8221;fade&#8221; global_colors_info=&#8221;{}&#8221;]<\/p>\n<p><span><strong>Bem-vindo ao Guia de Marcas do GRUPO PROFARMA.<\/strong> Aqui voc\u00ea encontra arquivos, informa\u00e7\u00f5es e regras necess\u00e1rias para a utiliza\u00e7\u00e3o correta das marcas do GRUPO, como:<\/span><\/p>\n<p><span>\u2013 vers\u00f5es da marca;<br \/><\/span><span>\u2013 manual de aplica\u00e7\u00e3o;<br \/><\/span><span>\u2013 paleta de cores;<br \/><\/span><span>\u2013 exemplos de aplica\u00e7\u00e3o.<\/span><\/p>\n<p>[\/et_pb_text][\/et_pb_column][et_pb_column type=&#8221;1_3&#8243; _builder_version=&#8221;4.16&#8243; _module_preset=&#8221;default&#8221; global_colors_info=&#8221;{}&#8221;][et_pb_text _builder_version=&#8221;4.16&#8243; _module_preset=&#8221;default&#8221; text_font=&#8221;Varela Round||||||||&#8221; text_font_size=&#8221;16px&#8221; text_line_height=&#8221;1.4em&#8221; animation_style=&#8221;fade&#8221; global_colors_info=&#8221;{}&#8221;]<\/p>\n<p><span>Para ter acesso aos recursos dispon\u00edveis, clique em cima da marca do seu interesse, que o <em>download<\/em> dos arquivos se iniciar\u00e1 automaticamente.<\/span><\/p>\n<p>[\/et_pb_text][\/et_pb_column][\/et_pb_row][\/et_pb_section][et_pb_section fb_built=&#8221;1&#8243; custom_padding_last_edited=&#8221;on|phone&#8221; module_id=&#8221;manifesto&#8221; _builder_version=&#8221;4.16&#8243; _module_preset=&#8221;default&#8221; background_color=&#8221;#f0f0f0&#8243; custom_margin=&#8221;0vh|7vh|7vh|7vh|false|true&#8221; custom_margin_tablet=&#8221;|3vh|3vh|3vh|false|true&#8221; custom_margin_phone=&#8221;0vh|3vh|3vh|3vh|false|true&#8221; custom_margin_last_edited=&#8221;on|phone&#8221; custom_padding=&#8221;5px|5px|5px|5px|false|true&#8221; custom_padding_tablet=&#8221;0px|8px||8px|false|true&#8221; custom_padding_phone=&#8221;0px|5px|5px|5px|false|true&#8221; locked=&#8221;off&#8221; global_colors_info=&#8221;{}&#8221;][et_pb_row column_structure=&#8221;1_4,1_4,1_4,1_4&#8243; use_custom_gutter=&#8221;on&#8221; gutter_width=&#8221;1&#8243; make_equal=&#8221;on&#8221; _builder_version=&#8221;4.16&#8243; _module_preset=&#8221;default&#8221; width=&#8221;100%&#8221; width_tablet=&#8221;100%&#8221; width_phone=&#8221;100%&#8221; width_last_edited=&#8221;off|desktop&#8221; max_width=&#8221;100%&#8221; custom_padding=&#8221;0px||0px||true|true&#8221; global_colors_info=&#8221;{}&#8221;][et_pb_column type=&#8221;1_4&#8243; _builder_version=&#8221;4.16&#8243; _module_preset=&#8221;default&#8221; border_width_all=&#8221;7px&#8221; border_color_all=&#8221;#F0F0F0&#8243; global_colors_info=&#8221;{}&#8221;][et_pb_image src=&#8221;http:\/\/grupoprofarma.com.br\/wp-content\/uploads\/2021\/05\/logos-brandbook-grupo-profarma.png&#8221; title_text=&#8221;logos-brandbook-grupo-profarma&#8221; url=&#8221;http:\/\/grupoprofarma.com.br\/wp-content\/uploads\/2022\/04\/grupo_profarma_2022.zip&#8221; url_new_window=&#8221;on&#8221; align=&#8221;center&#8221; _builder_version=&#8221;4.17.1&#8243; _module_preset=&#8221;default&#8221; background_color=&#8221;#FFFFFF&#8221; custom_padding=&#8221;30px||30px||true|false&#8221; animation_style=&#8221;slide&#8221; global_colors_info=&#8221;{}&#8221; background_color__hover=&#8221;rgba(255,255,255,0.4)&#8221; background__hover_enabled=&#8221;on|hover&#8221; background_enable_color__hover=&#8221;on&#8221;][\/et_pb_image][\/et_pb_column][et_pb_column type=&#8221;1_4&#8243; _builder_version=&#8221;4.16&#8243; _module_preset=&#8221;default&#8221; border_width_all=&#8221;7px&#8221; border_color_all=&#8221;#F0F0F0&#8243; global_colors_info=&#8221;{}&#8221;][et_pb_image src=&#8221;http:\/\/grupoprofarma.com.br\/wp-content\/uploads\/2021\/05\/logos-brandbook-profarma-distribuicao.png&#8221; title_text=&#8221;logos-brandbook-grupo-profarma&#8221; url=&#8221;http:\/\/grupoprofarma.com.br\/wp-content\/uploads\/2022\/04\/profarma_distribuicao_2022.zip&#8221; url_new_window=&#8221;on&#8221; align=&#8221;center&#8221; _builder_version=&#8221;4.17.1&#8243; _module_preset=&#8221;default&#8221; background_color=&#8221;#FFFFFF&#8221; custom_padding=&#8221;30px||30px||true|false&#8221; animation_style=&#8221;slide&#8221; global_colors_info=&#8221;{}&#8221; background__hover_enabled=&#8221;on|hover&#8221; background_color__hover=&#8221;rgba(255,255,255,0.4)&#8221; background_enable_color__hover=&#8221;on&#8221;][\/et_pb_image][\/et_pb_column][et_pb_column type=&#8221;1_4&#8243; _builder_version=&#8221;4.16&#8243; _module_preset=&#8221;default&#8221; border_width_all=&#8221;7px&#8221; border_color_all=&#8221;#F0F0F0&#8243; global_colors_info=&#8221;{}&#8221;][et_pb_image src=&#8221;http:\/\/grupoprofarma.com.br\/wp-content\/uploads\/2021\/05\/logos-brandbook-rede-d1000.png&#8221; title_text=&#8221;logos-brandbook-grupo-profarma&#8221; url=&#8221;http:\/\/grupoprofarma.com.br\/wp-content\/uploads\/2022\/04\/rede_d1000_2022.zip&#8221; url_new_window=&#8221;on&#8221; align=&#8221;center&#8221; _builder_version=&#8221;4.17.1&#8243; _module_preset=&#8221;default&#8221; background_color=&#8221;#FFFFFF&#8221; custom_padding=&#8221;30px||30px||true|false&#8221; animation_style=&#8221;slide&#8221; global_colors_info=&#8221;{}&#8221; background_color__hover=&#8221;rgba(255,255,255,0.4)&#8221; background__hover_enabled=&#8221;on|hover&#8221; background_enable_color__hover=&#8221;on&#8221;][\/et_pb_image][\/et_pb_column][et_pb_column type=&#8221;1_4&#8243; _builder_version=&#8221;4.16&#8243; _module_preset=&#8221;default&#8221; border_width_all=&#8221;7px&#8221; border_color_all=&#8221;#F0F0F0&#8243; global_colors_info=&#8221;{}&#8221;][et_pb_image src=&#8221;http:\/\/grupoprofarma.com.br\/wp-content\/uploads\/2022\/01\/logos-brandbook-instituto-profarma-2022-15.png&#8221; title_text=&#8221;logos-brandbook-instituto-profarma-2022-15&#8243; url=&#8221;http:\/\/grupoprofarma.com.br\/wp-content\/uploads\/2023\/04\/instituto_profarma_2023.zip&#8221; url_new_window=&#8221;on&#8221; align=&#8221;center&#8221; _builder_version=&#8221;4.20.4&#8243; _module_preset=&#8221;default&#8221; background_color=&#8221;#FFFFFF&#8221; custom_padding=&#8221;30px||30px||true|false&#8221; animation_style=&#8221;slide&#8221; hover_enabled=&#8221;0&#8243; global_colors_info=&#8221;{}&#8221; background_color__hover=&#8221;rgba(255,255,255,0.4)&#8221; background__hover_enabled=&#8221;on|hover&#8221; background_enable_color__hover=&#8221;on&#8221; sticky_enabled=&#8221;0&#8243;][\/et_pb_image][\/et_pb_column][\/et_pb_row][et_pb_row column_structure=&#8221;1_4,1_4,1_4,1_4&#8243; use_custom_gutter=&#8221;on&#8221; gutter_width=&#8221;1&#8243; make_equal=&#8221;on&#8221; _builder_version=&#8221;4.16&#8243; _module_preset=&#8221;default&#8221; width=&#8221;100%&#8221; max_width=&#8221;100%&#8221; custom_padding=&#8221;0px||0px||true|true&#8221; global_colors_info=&#8221;{}&#8221;][et_pb_column type=&#8221;1_4&#8243; _builder_version=&#8221;4.16&#8243; _module_preset=&#8221;default&#8221; border_width_all=&#8221;7px&#8221; border_color_all=&#8221;#F0F0F0&#8243; global_colors_info=&#8221;{}&#8221;][et_pb_image src=&#8221;http:\/\/grupoprofarma.com.br\/wp-content\/uploads\/2021\/05\/logos-brandbook-drogasmil.png&#8221; title_text=&#8221;logos-brandbook-drogasmil&#8221; url=&#8221;http:\/\/grupoprofarma.com.br\/wp-content\/uploads\/2021\/06\/drogasmil.zip&#8221; url_new_window=&#8221;on&#8221; align=&#8221;center&#8221; _builder_version=&#8221;4.16&#8243; _module_preset=&#8221;default&#8221; background_color=&#8221;#FFFFFF&#8221; custom_padding=&#8221;30px||30px||true|false&#8221; animation_style=&#8221;slide&#8221; global_colors_info=&#8221;{}&#8221; background_color__hover=&#8221;rgba(255,255,255,0.4)&#8221; background__hover_enabled=&#8221;on|hover&#8221; background_enable_color__hover=&#8221;on&#8221;][\/et_pb_image][\/et_pb_column][et_pb_column type=&#8221;1_4&#8243; _builder_version=&#8221;4.16&#8243; _module_preset=&#8221;default&#8221; border_width_all=&#8221;7px&#8221; border_color_all=&#8221;#F0F0F0&#8243; global_colors_info=&#8221;{}&#8221;][et_pb_image src=&#8221;http:\/\/grupoprofarma.com.br\/wp-content\/uploads\/2021\/05\/logos-brandbook-tamoio.png&#8221; title_text=&#8221;logos-brandbook-tamoio&#8221; url=&#8221;http:\/\/grupoprofarma.com.br\/wp-content\/uploads\/2021\/06\/drogarias_tamoio.zip&#8221; url_new_window=&#8221;on&#8221; align=&#8221;center&#8221; _builder_version=&#8221;4.16&#8243; _module_preset=&#8221;default&#8221; background_color=&#8221;#FFFFFF&#8221; custom_padding=&#8221;30px||30px||true|false&#8221; animation_style=&#8221;slide&#8221; global_colors_info=&#8221;{}&#8221; background_color__hover=&#8221;rgba(255,255,255,0.4)&#8221; background__hover_enabled=&#8221;on|hover&#8221; background_enable_color__hover=&#8221;on&#8221;][\/et_pb_image][\/et_pb_column][et_pb_column type=&#8221;1_4&#8243; _builder_version=&#8221;4.16&#8243; _module_preset=&#8221;default&#8221; border_width_all=&#8221;7px&#8221; border_color_all=&#8221;#F0F0F0&#8243; global_colors_info=&#8221;{}&#8221;][et_pb_image src=&#8221;http:\/\/grupoprofarma.com.br\/wp-content\/uploads\/2021\/05\/logos-brandbook-rosario.png&#8221; title_text=&#8221;logos-brandbook-rosario&#8221; url=&#8221;http:\/\/grupoprofarma.com.br\/wp-content\/uploads\/2021\/06\/drogaria_rosario.zip&#8221; url_new_window=&#8221;on&#8221; align=&#8221;center&#8221; _builder_version=&#8221;4.16&#8243; _module_preset=&#8221;default&#8221; background_color=&#8221;#FFFFFF&#8221; custom_padding=&#8221;30px||30px||true|false&#8221; animation_style=&#8221;slide&#8221; global_colors_info=&#8221;{}&#8221; background_color__hover=&#8221;rgba(255,255,255,0.4)&#8221; background__hover_enabled=&#8221;on|hover&#8221; background_enable_color__hover=&#8221;on&#8221;][\/et_pb_image][\/et_pb_column][et_pb_column type=&#8221;1_4&#8243; _builder_version=&#8221;4.16&#8243; _module_preset=&#8221;default&#8221; border_width_all=&#8221;7px&#8221; border_color_all=&#8221;#F0F0F0&#8243; global_colors_info=&#8221;{}&#8221;][et_pb_image src=&#8221;http:\/\/grupoprofarma.com.br\/wp-content\/uploads\/2021\/05\/logos-brandbook-farmalife.png&#8221; title_text=&#8221;logos-brandbook-farmalife&#8221; url=&#8221;http:\/\/grupoprofarma.com.br\/wp-content\/uploads\/2021\/06\/farmalife.zip&#8221; url_new_window=&#8221;on&#8221; align=&#8221;center&#8221; _builder_version=&#8221;4.16&#8243; _module_preset=&#8221;default&#8221; background_color=&#8221;#FFFFFF&#8221; custom_padding=&#8221;30px||30px||true|false&#8221; animation_style=&#8221;slide&#8221; global_colors_info=&#8221;{}&#8221; background_color__hover=&#8221;rgba(255,255,255,0.4)&#8221; background__hover_enabled=&#8221;on|hover&#8221; background_enable_color__hover=&#8221;on&#8221;][\/et_pb_image][\/et_pb_column][\/et_pb_row][et_pb_row column_structure=&#8221;1_4,1_4,1_4,1_4&#8243; use_custom_gutter=&#8221;on&#8221; gutter_width=&#8221;1&#8243; make_equal=&#8221;on&#8221; _builder_version=&#8221;4.16&#8243; _module_preset=&#8221;default&#8221; width=&#8221;100%&#8221; max_width=&#8221;100%&#8221; custom_padding=&#8221;0px||0px||true|true&#8221; global_colors_info=&#8221;{}&#8221;][et_pb_column type=&#8221;1_4&#8243; _builder_version=&#8221;4.16&#8243; _module_preset=&#8221;default&#8221; border_width_all=&#8221;7px&#8221; border_color_all=&#8221;#F0F0F0&#8243; global_colors_info=&#8221;{}&#8221;][et_pb_image src=&#8221;http:\/\/grupoprofarma.com.br\/wp-content\/uploads\/2021\/05\/logos-brandbook-n21-branca.png&#8221; title_text=&#8221;logos-brandbook-n21-branca&#8221; url=&#8221;http:\/\/grupoprofarma.com.br\/wp-content\/uploads\/2021\/06\/n\u00b021.zip&#8221; url_new_window=&#8221;on&#8221; align=&#8221;center&#8221; _builder_version=&#8221;4.16&#8243; _module_preset=&#8221;default&#8221; background_color=&#8221;#000000&#8243; custom_padding=&#8221;30px||30px||true|false&#8221; animation_style=&#8221;slide&#8221; global_colors_info=&#8221;{}&#8221; background_color__hover=&#8221;rgba(0,0,0,0.76)&#8221; background__hover_enabled=&#8221;on|hover&#8221; background_enable_color__hover=&#8221;on&#8221;][\/et_pb_image][\/et_pb_column][et_pb_column type=&#8221;1_4&#8243; _builder_version=&#8221;4.16&#8243; _module_preset=&#8221;default&#8221; border_width_all=&#8221;7px&#8221; border_color_all=&#8221;#F0F0F0&#8243; global_colors_info=&#8221;{}&#8221;][et_pb_image src=&#8221;http:\/\/grupoprofarma.com.br\/wp-content\/uploads\/2021\/05\/logos-brandbook-go-nutri-2.png&#8221; title_text=&#8221;logos-brandbook-go-nutri-2&#8243; url=&#8221;http:\/\/grupoprofarma.com.br\/wp-content\/uploads\/2021\/06\/gonutri.zip&#8221; url_new_window=&#8221;on&#8221; align=&#8221;center&#8221; _builder_version=&#8221;4.16&#8243; _module_preset=&#8221;default&#8221; background_color=&#8221;#9386c7&#8243; custom_padding=&#8221;30px||30px||true|false&#8221; animation_style=&#8221;slide&#8221; global_colors_info=&#8221;{}&#8221; background_color__hover=&#8221;rgba(147,134,199,0.82)&#8221; background__hover_enabled=&#8221;on|hover&#8221; background_enable_color__hover=&#8221;on&#8221;][\/et_pb_image][\/et_pb_column][et_pb_column type=&#8221;1_4&#8243; _builder_version=&#8221;4.16&#8243; _module_preset=&#8221;default&#8221; border_width_all=&#8221;7px&#8221; border_color_all=&#8221;#F0F0F0&#8243; global_colors_info=&#8221;{}&#8221;][et_pb_image src=&#8221;http:\/\/grupoprofarma.com.br\/wp-content\/uploads\/2021\/05\/logos-brandbook-bem-basico-branca.png&#8221; title_text=&#8221;logos-brandbook-bem-basico-branca&#8221; url=&#8221;http:\/\/grupoprofarma.com.br\/wp-content\/uploads\/2021\/06\/bem_basico.zip&#8221; url_new_window=&#8221;on&#8221; align=&#8221;center&#8221; _builder_version=&#8221;4.16&#8243; _module_preset=&#8221;default&#8221; background_color=&#8221;#00b9e5&#8243; custom_padding=&#8221;30px||30px||true|false&#8221; animation_style=&#8221;slide&#8221; global_colors_info=&#8221;{}&#8221; background_color__hover=&#8221;rgba(0,185,229,0.8)&#8221; background__hover_enabled=&#8221;on|hover&#8221; background_enable_color__hover=&#8221;on&#8221;][\/et_pb_image][\/et_pb_column][et_pb_column type=&#8221;1_4&#8243; _builder_version=&#8221;4.16&#8243; _module_preset=&#8221;default&#8221; border_width_all=&#8221;7px&#8221; border_color_all=&#8221;#F0F0F0&#8243; global_colors_info=&#8221;{}&#8221;][et_pb_image src=&#8221;http:\/\/grupoprofarma.com.br\/wp-content\/uploads\/2021\/08\/logos-brandbook-polimix-4.png&#8221; title_text=&#8221;logos-brandbook-polimix-4&#8243; url=&#8221;http:\/\/grupoprofarma.com.br\/wp-content\/uploads\/2021\/08\/polimix.zip&#8221; url_new_window=&#8221;on&#8221; align=&#8221;center&#8221; _builder_version=&#8221;4.16&#8243; _module_preset=&#8221;default&#8221; background_color=&#8221;#103595&#8243; custom_padding=&#8221;30px||30px||true|false&#8221; animation_style=&#8221;slide&#8221; global_colors_info=&#8221;{}&#8221; background_color__hover=&#8221;#1e44a8&#8243; background__hover_enabled=&#8221;on|hover&#8221; background_enable_color__hover=&#8221;on&#8221;][\/et_pb_image][\/et_pb_column][\/et_pb_row][\/et_pb_section]<\/p>\n","protected":false},"excerpt":{"rendered":"<p>BRAND GUIDE GROUP&#8217;s brand resource center.Bem-vindo ao Guia de Marcas do GRUPO PROFARMA. Aqui voc\u00ea encontra arquivos, informa\u00e7\u00f5es e regras necess\u00e1rias para a utiliza\u00e7\u00e3o correta das marcas do GRUPO, como: \u2013 vers\u00f5es da marca;\u2013 manual de aplica\u00e7\u00e3o;\u2013 paleta de cores;\u2013 exemplos de aplica\u00e7\u00e3o.Para ter acesso aos recursos dispon\u00edveis, clique em cima da marca do seu [&hellip;]<\/p>\n","protected":false},"author":5,"featured_media":0,"parent":0,"menu_order":0,"comment_status":"closed","ping_status":"closed","template":"","meta":{"_et_pb_use_builder":"on","_et_pb_old_content":"","_et_gb_content_width":"","footnotes":""},"class_list":["post-3157","page","type-page","status-publish","hentry"],"_links":{"self":[{"href":"https:\/\/grupoprofarma.com.br\/en\/wp-json\/wp\/v2\/pages\/3157","targetHints":{"allow":["GET"]}}],"collection":[{"href":"https:\/\/grupoprofarma.com.br\/en\/wp-json\/wp\/v2\/pages"}],"about":[{"href":"https:\/\/grupoprofarma.com.br\/en\/wp-json\/wp\/v2\/types\/page"}],"author":[{"embeddable":true,"href":"https:\/\/grupoprofarma.com.br\/en\/wp-json\/wp\/v2\/users\/5"}],"replies":[{"embeddable":true,"href":"https:\/\/grupoprofarma.com.br\/en\/wp-json\/wp\/v2\/comments?post=3157"}],"version-history":[{"count":18,"href":"https:\/\/grupoprofarma.com.br\/en\/wp-json\/wp\/v2\/pages\/3157\/revisions"}],"predecessor-version":[{"id":4777,"href":"https:\/\/grupoprofarma.com.br\/en\/wp-json\/wp\/v2\/pages\/3157\/revisions\/4777"}],"wp:attachment":[{"href":"https:\/\/grupoprofarma.com.br\/en\/wp-json\/wp\/v2\/media?parent=3157"}],"curies":[{"name":"wp","href":"https:\/\/api.w.org\/{rel}","templated":true}]}}