{"id":3169,"date":"2021-06-03T21:23:08","date_gmt":"2021-06-03T21:23:08","guid":{"rendered":"https:\/\/grupoprofarma.com.br\/code-of-ethical-conduct\/"},"modified":"2023-07-18T19:49:19","modified_gmt":"2023-07-18T19:49:19","slug":"code-of-ethical-conduct","status":"publish","type":"page","link":"https:\/\/grupoprofarma.com.br\/en\/code-of-ethical-conduct\/","title":{"rendered":"Code Of Ethical Conduct"},"content":{"rendered":"<p>[et_pb_section fb_built=&#8221;1&#8243; custom_padding_last_edited=&#8221;on|phone&#8221; _builder_version=&#8221;4.16&#8243; _module_preset=&#8221;default&#8221; background_color=&#8221;#F0F0F0&#8243; background_image=&#8221;http:\/\/grupoprofarma.com.br\/wp-content\/uploads\/2021\/05\/bg-trabalhe-conosco.jpg&#8221; min_height=&#8221;74vh&#8221; custom_margin=&#8221;|7vh|7vh|7vh|false|true&#8221; custom_margin_tablet=&#8221;|4vh|4vh|4vh|false|true&#8221; custom_margin_phone=&#8221;|3vh|3vh|3vh|false|true&#8221; custom_margin_last_edited=&#8221;on|phone&#8221; custom_padding_tablet=&#8221;7vh||7vh||false|false&#8221; custom_padding_phone=&#8221;0vh||7vh||false|false&#8221; background_last_edited=&#8221;on|phone&#8221; use_background_color_gradient_phone=&#8221;on&#8221; background_color_gradient_stops_phone=&#8221;#f0f0f0 0%|rgba(240,240,240,0) 100%&#8221; background_color_gradient_overlays_image_phone=&#8221;on&#8221; background_color_gradient_start_phone=&#8221;#f0f0f0&#8243; background_color_gradient_end_phone=&#8221;rgba(240,240,240,0)&#8221; background_image_phone=&#8221;http:\/\/grupoprofarma.com.br\/wp-content\/uploads\/2021\/05\/bg-codigo-de-conduta-mobile.jpg&#8221; background_enable_image_phone=&#8221;on&#8221; custom_css_main_element=&#8221;display: flex;||align-items: center;&#8221; global_colors_info=&#8221;{}&#8221; custom_css_main_element_last_edited=&#8221;on|phone&#8221; custom_css_main_element_tablet=&#8221;display: block;&#8221; custom_css_main_element_phone=&#8221;display: block;&#8221;][et_pb_row column_structure=&#8221;1_2,1_2&#8243; make_equal=&#8221;on&#8221; _builder_version=&#8221;4.16&#8243; _module_preset=&#8221;default&#8221; width_tablet=&#8221;&#8221; width_phone=&#8221;90%&#8221; width_last_edited=&#8221;on|phone&#8221; custom_padding=&#8221;0px||0px||true|false&#8221; global_colors_info=&#8221;{}&#8221;][et_pb_column type=&#8221;1_2&#8243; _builder_version=&#8221;4.16&#8243; _module_preset=&#8221;default&#8221; custom_css_main_element=&#8221;display: flex;||flex-wrap: wrap;||align-items: center;&#8221; global_colors_info=&#8221;{}&#8221;][et_pb_text _builder_version=&#8221;4.16&#8243; _module_preset=&#8221;default&#8221; text_font=&#8221;Varela Round|700|||||||&#8221; text_text_color=&#8221;#000000&#8243; text_font_size=&#8221;17px&#8221; text_line_height=&#8221;1.4em&#8221; header_font=&#8221;|700||on|||||&#8221; header_text_color=&#8221;#000000&#8243; header_font_size=&#8221;44px&#8221; header_line_height=&#8221;1.2em&#8221; header_2_font=&#8221;|700|||||||&#8221; header_2_text_color=&#8221;#FFFFFF&#8221; header_2_font_size=&#8221;36px&#8221; header_2_line_height=&#8221;1.2em&#8221; header_3_font=&#8221;|700|||||||&#8221; header_3_text_color=&#8221;#FFFFFF&#8221; header_3_font_size=&#8221;30px&#8221; header_3_line_height=&#8221;1.2em&#8221; header_4_font=&#8221;|700|||||||&#8221; header_4_text_color=&#8221;#FFFFFF&#8221; header_4_font_size=&#8221;20px&#8221; header_4_line_height=&#8221;1.2em&#8221; header_5_font=&#8221;|700|||||||&#8221; header_5_text_color=&#8221;#FFFFFF&#8221; header_5_font_size=&#8221;19px&#8221; header_5_line_height=&#8221;1.2em&#8221; width=&#8221;100%&#8221; custom_margin_tablet=&#8221;3vh||||false|false&#8221; custom_margin_phone=&#8221;3vh||||false|false&#8221; custom_margin_last_edited=&#8221;on|phone&#8221; header_font_size_tablet=&#8221;38px&#8221; header_font_size_phone=&#8221;30px&#8221; header_font_size_last_edited=&#8221;on|phone&#8221; global_colors_info=&#8221;{}&#8221;]<\/p>\n<h1>C\u00f3digo de<br \/>Conduta \u00c9tica<\/h1>\n<p>Mais do que seguir as exig\u00eancias legais e regulat\u00f3rias nacionais, desenvolvemos e promovemos regras claras, para que todos sigamos alinhados aos princ\u00edpios \u00e9ticos da Companhia de igualdade, de equidade, de transpar\u00eancia e de inclus\u00e3o.<\/p>\n<p>O Grupo Profarma tem um \u00fanico C\u00f3digo de Conduta \u00c9tica que rege todas as suas unidades de neg\u00f3cio.<\/p>\n<p>[\/et_pb_text][et_pb_button button_url=&#8221;http:\/\/grupoprofarma.com.br\/wp-content\/uploads\/2023\/03\/codigo_de_conduta_etica_grupo_profarma_2023.pdf&#8221; url_new_window=&#8221;on&#8221; button_text=&#8221;Download .pdf&#8221; _builder_version=&#8221;4.20.2&#8243; _module_preset=&#8221;default&#8221; custom_button=&#8221;on&#8221; button_text_size=&#8221;16px&#8221; button_text_color=&#8221;#FFFFFF&#8221; button_bg_color=&#8221;#522E90&#8243; button_bg_color_gradient_direction=&#8221;90deg&#8221; button_bg_color_gradient_stops=&#8221;#00a9ac 0%|#522e90 100%&#8221; button_bg_color_gradient_start=&#8221;#00a9ac&#8221; button_bg_color_gradient_end=&#8221;#522e90&#8243; button_border_width=&#8221;0px&#8221; button_border_color=&#8221;#78CCD0&#8243; button_border_radius=&#8221;100px&#8221; button_font=&#8221;Varela Round|700|||||||&#8221; button_use_icon=&#8221;off&#8221; custom_margin_last_edited=&#8221;off|desktop&#8221; hover_enabled=&#8221;0&#8243; locked=&#8221;off&#8221; global_colors_info=&#8221;{}&#8221; button_bg_color__hover_enabled=&#8221;on|hover&#8221; button_bg_color_gradient_start__hover=&#8221;#522e90&#8243; button_bg_use_color_gradient__hover=&#8221;off&#8221; button_bg_color_gradient_end__hover=&#8221;#00a9ac&#8221; button_bg_color__hover=&#8221;#00A9AC&#8221; button_bg_enable_color__hover=&#8221;on&#8221; button_bg_color_gradient_stops__hover=&#8221;#522e90 0%|#00a9ac 100%&#8221; sticky_enabled=&#8221;0&#8243;][\/et_pb_button][\/et_pb_column][et_pb_column type=&#8221;1_2&#8243; _builder_version=&#8221;4.16&#8243; _module_preset=&#8221;default&#8221; custom_css_main_element=&#8221;display: flex;||align-items: center;&#8221; global_colors_info=&#8221;{}&#8221;][\/et_pb_column][\/et_pb_row][\/et_pb_section]<\/p>\n","protected":false},"excerpt":{"rendered":"<p>C\u00f3digo deConduta \u00c9tica Mais do que seguir as exig\u00eancias legais e regulat\u00f3rias nacionais, desenvolvemos e promovemos regras claras, para que todos sigamos alinhados aos princ\u00edpios \u00e9ticos da Companhia de igualdade, de equidade, de transpar\u00eancia e de inclus\u00e3o. O Grupo Profarma tem um \u00fanico C\u00f3digo de Conduta \u00c9tica que rege todas as suas unidades de neg\u00f3cio.<\/p>\n","protected":false},"author":5,"featured_media":0,"parent":0,"menu_order":0,"comment_status":"closed","ping_status":"closed","template":"","meta":{"_et_pb_use_builder":"on","_et_pb_old_content":"","_et_gb_content_width":"","footnotes":""},"class_list":["post-3169","page","type-page","status-publish","hentry"],"_links":{"self":[{"href":"https:\/\/grupoprofarma.com.br\/en\/wp-json\/wp\/v2\/pages\/3169","targetHints":{"allow":["GET"]}}],"collection":[{"href":"https:\/\/grupoprofarma.com.br\/en\/wp-json\/wp\/v2\/pages"}],"about":[{"href":"https:\/\/grupoprofarma.com.br\/en\/wp-json\/wp\/v2\/types\/page"}],"author":[{"embeddable":true,"href":"https:\/\/grupoprofarma.com.br\/en\/wp-json\/wp\/v2\/users\/5"}],"replies":[{"embeddable":true,"href":"https:\/\/grupoprofarma.com.br\/en\/wp-json\/wp\/v2\/comments?post=3169"}],"version-history":[{"count":8,"href":"https:\/\/grupoprofarma.com.br\/en\/wp-json\/wp\/v2\/pages\/3169\/revisions"}],"predecessor-version":[{"id":4757,"href":"https:\/\/grupoprofarma.com.br\/en\/wp-json\/wp\/v2\/pages\/3169\/revisions\/4757"}],"wp:attachment":[{"href":"https:\/\/grupoprofarma.com.br\/en\/wp-json\/wp\/v2\/media?parent=3169"}],"curies":[{"name":"wp","href":"https:\/\/api.w.org\/{rel}","templated":true}]}}